{"id":4037,"date":"2024-12-03T09:51:08","date_gmt":"2024-12-03T09:51:08","guid":{"rendered":"https:\/\/demo2wpopal.b-cdn.net\/diteck\/?page_id=4037"},"modified":"2025-06-20T16:41:41","modified_gmt":"2025-06-20T19:41:41","slug":"servicos","status":"publish","type":"page","link":"https:\/\/mddweb.com.br\/aprova\/kafnet\/servicos\/","title":{"rendered":"Servi\u00e7os Personalizados"},"content":{"rendered":"\t\t<div data-elementor-type=\"wp-page\" data-elementor-id=\"4037\" class=\"elementor elementor-4037\">\n\t\t\t\t<div class=\"elementor-element elementor-element-d3e6d01 e-flex e-con-boxed e-con e-parent\" data-id=\"d3e6d01\" data-element_type=\"container\" data-settings=\"{&quot;background_background&quot;:&quot;classic&quot;}\">\n\t\t\t\t\t<div class=\"e-con-inner\">\n\t\t<div class=\"elementor-element elementor-element-4f8e3bc e-con-full e-flex e-con e-child\" data-id=\"4f8e3bc\" data-element_type=\"container\">\n\t\t\t\t<div class=\"elementor-element elementor-element-4a3873a icon-list-style-diteck-yes animated-fast elementor-icon-list--layout-traditional elementor-list-item-link-full_width elementor-invisible elementor-widget elementor-widget-icon-list\" data-id=\"4a3873a\" data-element_type=\"widget\" data-settings=\"{&quot;_animation&quot;:&quot;opal-scale-up&quot;}\" data-widget_type=\"icon-list.default\">\n\t\t\t\t<div class=\"elementor-widget-container\">\n\t\t\t\t\t\t\t<ul class=\"elementor-icon-list-items\">\n\t\t\t\t\t\t\t<li class=\"elementor-icon-list-item\">\n\t\t\t\t\t\t\t\t\t\t\t<span class=\"elementor-icon-list-icon\">\n\t\t\t\t\t\t\t<i aria-hidden=\"true\" class=\"diteck-icon- diteck-icon-square-1\"><\/i>\t\t\t\t\t\t<\/span>\n\t\t\t\t\t\t\t\t\t\t<span class=\"elementor-icon-list-text\">Equipe especialista<\/span>\n\t\t\t\t\t\t\t\t\t<\/li>\n\t\t\t\t\t\t<\/ul>\n\t\t\t\t\t\t<\/div>\n\t\t\t\t<\/div>\n\t\t\t\t<\/div>\n\t\t<div class=\"elementor-element elementor-element-7a9548f e-con-full e-flex e-con e-child\" data-id=\"7a9548f\" data-element_type=\"container\">\n\t\t\t\t<div class=\"elementor-element elementor-element-6c0e98b elementor-widget__width-initial animated-fast elementor-invisible elementor-widget elementor-widget-heading\" data-id=\"6c0e98b\" data-element_type=\"widget\" data-settings=\"{&quot;_animation&quot;:&quot;opal-move-up&quot;}\" data-widget_type=\"heading.default\">\n\t\t\t\t<div class=\"elementor-widget-container\">\n\t\t\t\t\t<h2 class=\"elementor-heading-title elementor-size-default\">Nossos Servi\u00e7os<\/h2>\t\t\t\t<\/div>\n\t\t\t\t<\/div>\n\t\t\t\t<\/div>\n\t\t\t\t\t<\/div>\n\t\t\t\t<\/div>\n\t\t<div class=\"elementor-element elementor-element-d1e998a e-con-full e-flex e-con e-parent\" data-id=\"d1e998a\" data-element_type=\"container\">\n\t\t\t\t<div class=\"elementor-element elementor-element-f0c7263 animated-fast elementor-service-style-1 elementor-invisible elementor-widget elementor-widget-diteck-services\" data-id=\"f0c7263\" data-element_type=\"widget\" data-settings=\"{&quot;_animation&quot;:&quot;opal-move-up&quot;}\" data-widget_type=\"diteck-services.default\">\n\t\t\t\t<div class=\"elementor-widget-container\">\n\t\t\t\t\t        <div class=\"elementor-service-wrapper\">\n            <div class=\"d-grid\">\n                                                         <div class=\"grid-item service-item service-style-1\">\n                                            <div class=\"service-inner service-style-inner\">\n    <div class=\"service-content\">\n        <div class=\"icon-wrap\"><img decoding=\"async\" class=\"service-icon\" src=\"https:\/\/demo2wpopal.b-cdn.net\/diteck\/wp-content\/uploads\/2024\/11\/pie-chart.svg\" alt=\"service icon\"><\/div>        <h3 class=\"service-title omega\"><a href=\"https:\/\/mddweb.com.br\/aprova\/kafnet\/services\/especialistas\/\">Especialistas<\/a><\/h3>\n        <div class=\"description\">\n            Equipe especializada em todas as soli\u00e7\u00f5es Zoho. Pronta para alavancar seu neg\u00f3cio        <\/div>\n        <div class=\"service-content-bottom\">\n            <div class=\"service-more-link-wrap\">\n                <a class=\"service-more-link button-style\" href=\"https:\/\/mddweb.com.br\/aprova\/kafnet\/services\/especialistas\/\">\n                    <span class=\"elementor-button-icon\"><svg xmlns=\"http:\/\/www.w3.org\/2000\/svg\" width=\"32\" height=\"32\" viewBox=\"0 0 32 32\"><path class=\"btn-icon__icon\" d=\"M15.52 4.953c-.47.155-.904.523-1.125.956-.109.213-.128.327-.128.758 0 .43.019.546.131.773.101.206.87 1.009 3.384 3.533l3.253 3.266-7.438.014-7.437.014-.267.141a2.097 2.097 0 0 0-.831.834c-.109.213-.129.328-.129.758 0 .431.02.544.129.759.165.323.523.68.845.845l.253.129 7.437.014 7.438.014-3.253 3.266c-2.514 2.524-3.283 3.327-3.384 3.533-.112.227-.131.343-.131.773 0 .594.104.858.489 1.244.386.386.65.49 1.244.49.429 0 .547-.02.773-.131.391-.191 9.972-9.772 10.163-10.163.111-.226.131-.344.131-.773 0-.429-.02-.547-.131-.773-.103-.211-1.155-1.293-4.986-5.129-5.414-5.42-5.101-5.143-5.87-5.172-.235-.009-.487.003-.56.027\"><\/path><path class=\"btn-icon__icon\" d=\"M15.52 4.953c-.47.155-.904.523-1.125.956-.109.213-.128.327-.128.758 0 .43.019.546.131.773.101.206.87 1.009 3.384 3.533l3.253 3.266-7.438.014-7.437.014-.267.141a2.097 2.097 0 0 0-.831.834c-.109.213-.129.328-.129.758 0 .431.02.544.129.759.165.323.523.68.845.845l.253.129 7.437.014 7.438.014-3.253 3.266c-2.514 2.524-3.283 3.327-3.384 3.533-.112.227-.131.343-.131.773 0 .594.104.858.489 1.244.386.386.65.49 1.244.49.429 0 .547-.02.773-.131.391-.191 9.972-9.772 10.163-10.163.111-.226.131-.344.131-.773 0-.429-.02-.547-.131-.773-.103-.211-1.155-1.293-4.986-5.129-5.414-5.42-5.101-5.143-5.87-5.172-.235-.009-.487.003-.56.027\"><\/path><\/svg><\/span>\n                    <span class=\"elementor-button-text\" data-name=\"Learn More\"><span>Learn More<\/span><\/span>\n                <\/a>\n            <\/div>\n        <\/div>\n    <\/div>\n\n<\/div>\n                                        <\/div>\n                                                                                 <div class=\"grid-item service-item service-style-1\">\n                                            <div class=\"service-inner service-style-inner\">\n    <div class=\"service-content\">\n        <div class=\"icon-wrap\"><img decoding=\"async\" class=\"service-icon\" src=\"https:\/\/demo2wpopal.b-cdn.net\/diteck\/wp-content\/uploads\/2024\/11\/strategy.svg\" alt=\"service icon\"><\/div>        <h3 class=\"service-title omega\"><a href=\"https:\/\/mddweb.com.br\/aprova\/kafnet\/services\/marketing-strategy\/\">Treinamento<\/a><\/h3>\n        <div class=\"description\">\n            Treine sua equipe com nossos especialistas e torne sua equipe preparada        <\/div>\n        <div class=\"service-content-bottom\">\n            <div class=\"service-more-link-wrap\">\n                <a class=\"service-more-link button-style\" href=\"https:\/\/mddweb.com.br\/aprova\/kafnet\/services\/marketing-strategy\/\">\n                    <span class=\"elementor-button-icon\"><svg xmlns=\"http:\/\/www.w3.org\/2000\/svg\" width=\"32\" height=\"32\" viewBox=\"0 0 32 32\"><path class=\"btn-icon__icon\" d=\"M15.52 4.953c-.47.155-.904.523-1.125.956-.109.213-.128.327-.128.758 0 .43.019.546.131.773.101.206.87 1.009 3.384 3.533l3.253 3.266-7.438.014-7.437.014-.267.141a2.097 2.097 0 0 0-.831.834c-.109.213-.129.328-.129.758 0 .431.02.544.129.759.165.323.523.68.845.845l.253.129 7.437.014 7.438.014-3.253 3.266c-2.514 2.524-3.283 3.327-3.384 3.533-.112.227-.131.343-.131.773 0 .594.104.858.489 1.244.386.386.65.49 1.244.49.429 0 .547-.02.773-.131.391-.191 9.972-9.772 10.163-10.163.111-.226.131-.344.131-.773 0-.429-.02-.547-.131-.773-.103-.211-1.155-1.293-4.986-5.129-5.414-5.42-5.101-5.143-5.87-5.172-.235-.009-.487.003-.56.027\"><\/path><path class=\"btn-icon__icon\" d=\"M15.52 4.953c-.47.155-.904.523-1.125.956-.109.213-.128.327-.128.758 0 .43.019.546.131.773.101.206.87 1.009 3.384 3.533l3.253 3.266-7.438.014-7.437.014-.267.141a2.097 2.097 0 0 0-.831.834c-.109.213-.129.328-.129.758 0 .431.02.544.129.759.165.323.523.68.845.845l.253.129 7.437.014 7.438.014-3.253 3.266c-2.514 2.524-3.283 3.327-3.384 3.533-.112.227-.131.343-.131.773 0 .594.104.858.489 1.244.386.386.65.49 1.244.49.429 0 .547-.02.773-.131.391-.191 9.972-9.772 10.163-10.163.111-.226.131-.344.131-.773 0-.429-.02-.547-.131-.773-.103-.211-1.155-1.293-4.986-5.129-5.414-5.42-5.101-5.143-5.87-5.172-.235-.009-.487.003-.56.027\"><\/path><\/svg><\/span>\n                    <span class=\"elementor-button-text\" data-name=\"Learn More\"><span>Learn More<\/span><\/span>\n                <\/a>\n            <\/div>\n        <\/div>\n    <\/div>\n\n<\/div>\n                                        <\/div>\n                                                                                 <div class=\"grid-item service-item service-style-1\">\n                                            <div class=\"service-inner service-style-inner\">\n    <div class=\"service-content\">\n        <div class=\"icon-wrap\"><img decoding=\"async\" class=\"service-icon\" src=\"https:\/\/demo2wpopal.b-cdn.net\/diteck\/wp-content\/uploads\/2024\/11\/system.svg\" alt=\"service icon\"><\/div>        <h3 class=\"service-title omega\"><a href=\"https:\/\/mddweb.com.br\/aprova\/kafnet\/services\/system-and-software\/\">Licenciamento<\/a><\/h3>\n        <div class=\"description\">\n            Atuamos desde a contrata\u00e7\u00e3o at\u00e9 a ativa\u00e7\u00e3o com nosso time        <\/div>\n        <div class=\"service-content-bottom\">\n            <div class=\"service-more-link-wrap\">\n                <a class=\"service-more-link button-style\" href=\"https:\/\/mddweb.com.br\/aprova\/kafnet\/services\/system-and-software\/\">\n                    <span class=\"elementor-button-icon\"><svg xmlns=\"http:\/\/www.w3.org\/2000\/svg\" width=\"32\" height=\"32\" viewBox=\"0 0 32 32\"><path class=\"btn-icon__icon\" d=\"M15.52 4.953c-.47.155-.904.523-1.125.956-.109.213-.128.327-.128.758 0 .43.019.546.131.773.101.206.87 1.009 3.384 3.533l3.253 3.266-7.438.014-7.437.014-.267.141a2.097 2.097 0 0 0-.831.834c-.109.213-.129.328-.129.758 0 .431.02.544.129.759.165.323.523.68.845.845l.253.129 7.437.014 7.438.014-3.253 3.266c-2.514 2.524-3.283 3.327-3.384 3.533-.112.227-.131.343-.131.773 0 .594.104.858.489 1.244.386.386.65.49 1.244.49.429 0 .547-.02.773-.131.391-.191 9.972-9.772 10.163-10.163.111-.226.131-.344.131-.773 0-.429-.02-.547-.131-.773-.103-.211-1.155-1.293-4.986-5.129-5.414-5.42-5.101-5.143-5.87-5.172-.235-.009-.487.003-.56.027\"><\/path><path class=\"btn-icon__icon\" d=\"M15.52 4.953c-.47.155-.904.523-1.125.956-.109.213-.128.327-.128.758 0 .43.019.546.131.773.101.206.87 1.009 3.384 3.533l3.253 3.266-7.438.014-7.437.014-.267.141a2.097 2.097 0 0 0-.831.834c-.109.213-.129.328-.129.758 0 .431.02.544.129.759.165.323.523.68.845.845l.253.129 7.437.014 7.438.014-3.253 3.266c-2.514 2.524-3.283 3.327-3.384 3.533-.112.227-.131.343-.131.773 0 .594.104.858.489 1.244.386.386.65.49 1.244.49.429 0 .547-.02.773-.131.391-.191 9.972-9.772 10.163-10.163.111-.226.131-.344.131-.773 0-.429-.02-.547-.131-.773-.103-.211-1.155-1.293-4.986-5.129-5.414-5.42-5.101-5.143-5.87-5.172-.235-.009-.487.003-.56.027\"><\/path><\/svg><\/span>\n                    <span class=\"elementor-button-text\" data-name=\"Learn More\"><span>Learn More<\/span><\/span>\n                <\/a>\n            <\/div>\n        <\/div>\n    <\/div>\n\n<\/div>\n                                        <\/div>\n                                                                                 <div class=\"grid-item service-item service-style-1\">\n                                            <div class=\"service-inner service-style-inner\">\n    <div class=\"service-content\">\n        <div class=\"icon-wrap\"><img decoding=\"async\" class=\"service-icon\" src=\"https:\/\/demo2wpopal.b-cdn.net\/diteck\/wp-content\/uploads\/2024\/11\/digital.svg\" alt=\"service icon\"><\/div>        <h3 class=\"service-title omega\"><a href=\"https:\/\/mddweb.com.br\/aprova\/kafnet\/services\/digital-strategy\/\">Mentoria<\/a><\/h3>\n        <div class=\"description\">\n            Processo de mentoria e acompanhamento com os melhores profissionais do mercado        <\/div>\n        <div class=\"service-content-bottom\">\n            <div class=\"service-more-link-wrap\">\n                <a class=\"service-more-link button-style\" href=\"https:\/\/mddweb.com.br\/aprova\/kafnet\/services\/digital-strategy\/\">\n                    <span class=\"elementor-button-icon\"><svg xmlns=\"http:\/\/www.w3.org\/2000\/svg\" width=\"32\" height=\"32\" viewBox=\"0 0 32 32\"><path class=\"btn-icon__icon\" d=\"M15.52 4.953c-.47.155-.904.523-1.125.956-.109.213-.128.327-.128.758 0 .43.019.546.131.773.101.206.87 1.009 3.384 3.533l3.253 3.266-7.438.014-7.437.014-.267.141a2.097 2.097 0 0 0-.831.834c-.109.213-.129.328-.129.758 0 .431.02.544.129.759.165.323.523.68.845.845l.253.129 7.437.014 7.438.014-3.253 3.266c-2.514 2.524-3.283 3.327-3.384 3.533-.112.227-.131.343-.131.773 0 .594.104.858.489 1.244.386.386.65.49 1.244.49.429 0 .547-.02.773-.131.391-.191 9.972-9.772 10.163-10.163.111-.226.131-.344.131-.773 0-.429-.02-.547-.131-.773-.103-.211-1.155-1.293-4.986-5.129-5.414-5.42-5.101-5.143-5.87-5.172-.235-.009-.487.003-.56.027\"><\/path><path class=\"btn-icon__icon\" d=\"M15.52 4.953c-.47.155-.904.523-1.125.956-.109.213-.128.327-.128.758 0 .43.019.546.131.773.101.206.87 1.009 3.384 3.533l3.253 3.266-7.438.014-7.437.014-.267.141a2.097 2.097 0 0 0-.831.834c-.109.213-.129.328-.129.758 0 .431.02.544.129.759.165.323.523.68.845.845l.253.129 7.437.014 7.438.014-3.253 3.266c-2.514 2.524-3.283 3.327-3.384 3.533-.112.227-.131.343-.131.773 0 .594.104.858.489 1.244.386.386.65.49 1.244.49.429 0 .547-.02.773-.131.391-.191 9.972-9.772 10.163-10.163.111-.226.131-.344.131-.773 0-.429-.02-.547-.131-.773-.103-.211-1.155-1.293-4.986-5.129-5.414-5.42-5.101-5.143-5.87-5.172-.235-.009-.487.003-.56.027\"><\/path><\/svg><\/span>\n                    <span class=\"elementor-button-text\" data-name=\"Learn More\"><span>Learn More<\/span><\/span>\n                <\/a>\n            <\/div>\n        <\/div>\n    <\/div>\n\n<\/div>\n                                        <\/div>\n                                                    <\/div>\n\n        <\/div>\n                \t\t\t\t<\/div>\n\t\t\t\t<\/div>\n\t\t\t\t<\/div>\n\t\t<div class=\"elementor-element elementor-element-a2dc21c e-flex e-con-boxed e-con e-parent\" data-id=\"a2dc21c\" data-element_type=\"container\">\n\t\t\t\t\t<div class=\"e-con-inner\">\n\t\t\t\t<div class=\"elementor-element elementor-element-5e8fd4b animated-fast elementor-invisible elementor-widget elementor-widget-heading\" data-id=\"5e8fd4b\" data-element_type=\"widget\" data-settings=\"{&quot;_animation&quot;:&quot;opal-move-down&quot;}\" data-widget_type=\"heading.default\">\n\t\t\t\t<div class=\"elementor-widget-container\">\n\t\t\t\t\t<h2 class=\"elementor-heading-title elementor-size-default\">Escolha-nos<\/h2>\t\t\t\t<\/div>\n\t\t\t\t<\/div>\n\t\t<div class=\"elementor-element elementor-element-f803a20 e-con-full animated-fast e-flex elementor-invisible e-con e-child\" data-id=\"f803a20\" data-element_type=\"container\" data-settings=\"{&quot;background_background&quot;:&quot;classic&quot;,&quot;animation&quot;:&quot;opal-move-up&quot;}\">\n\t\t<div class=\"elementor-element elementor-element-cca4d2d e-con-full e-flex e-con e-child\" data-id=\"cca4d2d\" data-element_type=\"container\">\n\t\t<div class=\"elementor-element elementor-element-e4cbc1a e-con-full e-flex e-con e-child\" data-id=\"e4cbc1a\" data-element_type=\"container\">\n\t\t\t\t<div class=\"elementor-element elementor-element-cb103dc icon-list-style-diteck-yes animated-fast elementor-icon-list--layout-traditional elementor-list-item-link-full_width elementor-invisible elementor-widget elementor-widget-icon-list\" data-id=\"cb103dc\" data-element_type=\"widget\" data-settings=\"{&quot;_animation&quot;:&quot;opal-scale-up&quot;}\" data-widget_type=\"icon-list.default\">\n\t\t\t\t<div class=\"elementor-widget-container\">\n\t\t\t\t\t\t\t<ul class=\"elementor-icon-list-items\">\n\t\t\t\t\t\t\t<li class=\"elementor-icon-list-item\">\n\t\t\t\t\t\t\t\t\t\t\t<span class=\"elementor-icon-list-icon\">\n\t\t\t\t\t\t\t<i aria-hidden=\"true\" class=\"diteck-icon- diteck-icon-square-1\"><\/i>\t\t\t\t\t\t<\/span>\n\t\t\t\t\t\t\t\t\t\t<span class=\"elementor-icon-list-text\">Aplicativos Zoho<\/span>\n\t\t\t\t\t\t\t\t\t<\/li>\n\t\t\t\t\t\t<\/ul>\n\t\t\t\t\t\t<\/div>\n\t\t\t\t<\/div>\n\t\t\t\t<\/div>\n\t\t<div class=\"elementor-element elementor-element-ddd8d3e e-con-full e-flex e-con e-child\" data-id=\"ddd8d3e\" data-element_type=\"container\">\n\t\t\t\t<div class=\"elementor-element elementor-element-df0c619 elementor-widget__width-initial animated-fast elementor-invisible elementor-widget elementor-widget-heading\" data-id=\"df0c619\" data-element_type=\"widget\" data-settings=\"{&quot;_animation&quot;:&quot;opal-move-up&quot;}\" data-widget_type=\"heading.default\">\n\t\t\t\t<div class=\"elementor-widget-container\">\n\t\t\t\t\t<h2 class=\"elementor-heading-title elementor-size-default\">Equipe Certificada<\/h2>\t\t\t\t<\/div>\n\t\t\t\t<\/div>\n\t\t\t\t<\/div>\n\t\t\t\t<\/div>\n\t\t<div class=\"elementor-element elementor-element-93eac92 e-con-full e-flex e-con e-child\" data-id=\"93eac92\" data-element_type=\"container\">\n\t\t\t\t<div class=\"elementor-element elementor-element-11ec90b elementor-widget elementor-widget-diteck-link-showcase\" data-id=\"11ec90b\" data-element_type=\"widget\" data-widget_type=\"diteck-link-showcase.default\">\n\t\t\t\t<div class=\"elementor-widget-container\">\n\t\t\t\t\t            <div class=\"elementor-link-showcase-wrapper\">\n                <div class=\"elementor-link-showcase-inner\" role=\"tablist\">\n                    <div class=\"link-showcase-item link-showcase-title-wrapper\">\n                        <div class=\"link-showcase-title-inner\">\n                                                            <div id=\"elementor-link-showcase-title-1871\" class=\"elementor-link-showcase-title elementor-active elementor-repeater-item-a09d804\" data-tab=\"1\" role=\"tab\" aria-controls=\"elementor-link-showcase-content-1871\">\n                                                                        <div class=\"showcase-content\">\n                                        <div class=\"link-showcase-title\">\n                                            Configura\u00e7\u00e3o de Ambiente                                        <\/div>\n                                                                                    <div class=\"showcase-description\">Configuramos e prestamos assist\u00eancia no seu desenvolvimento<\/div>\n                                                                            <\/div>\n                                <\/div>\n                                                            <div id=\"elementor-link-showcase-title-1872\" class=\"elementor-link-showcase-title  elementor-repeater-item-9d1c514\" data-tab=\"2\" role=\"tab\" aria-controls=\"elementor-link-showcase-content-1872\">\n                                                                        <div class=\"showcase-content\">\n                                        <div class=\"link-showcase-title\">\n                                            Cria\u00e7\u00e3o de Solu\u00e7\u00f5es Personalizadas                                        <\/div>\n                                                                                    <div class=\"showcase-description\">Personalizamos sua ferramenta de acordo com sua necessidade<\/div>\n                                                                            <\/div>\n                                <\/div>\n                                                            <div id=\"elementor-link-showcase-title-1873\" class=\"elementor-link-showcase-title  elementor-repeater-item-0aa06a6\" data-tab=\"3\" role=\"tab\" aria-controls=\"elementor-link-showcase-content-1873\">\n                                                                        <div class=\"showcase-content\">\n                                        <div class=\"link-showcase-title\">\n                                            Customiza\u00e7\u00f5es Diversas                                        <\/div>\n                                                                                    <div class=\"showcase-description\">Temos expertise em diversos tipos de solu\u00e7\u00f5es para alavancar seu neg\u00f3cio<\/div>\n                                                                            <\/div>\n                                <\/div>\n                                                    <\/div>\n                    <\/div>\n                    <div class=\"link-showcase-item link-showcase-contnet-wrapper\">\n                        <div class=\"link-showcase-contnet-inner\">\n                                                            <div id=\"elementor-link-showcase-content-1871\" class=\"elementor-link-showcase-content elementor-repeater-item-a09d804 elementor-active\" data-tab=\"1\" role=\"tab\" aria-controls=\"elementor-link-showcase-title-1871\">\n                                                                                        <img fetchpriority=\"high\" decoding=\"async\" width=\"580\" height=\"700\" src=\"https:\/\/mddweb.com.br\/aprova\/kafnet\/wp-content\/uploads\/2024\/11\/h4_linkshowcase_img1.jpg\" class=\"attachment-full size-full wp-image-2007\" alt=\"\" srcset=\"https:\/\/mddweb.com.br\/aprova\/kafnet\/wp-content\/uploads\/2024\/11\/h4_linkshowcase_img1.jpg 580w, https:\/\/mddweb.com.br\/aprova\/kafnet\/wp-content\/uploads\/2024\/11\/h4_linkshowcase_img1-249x300.jpg 249w\" sizes=\"(max-width: 580px) 100vw, 580px\" \/>                                                                            <\/div>\n                                                            <div id=\"elementor-link-showcase-content-1872\" class=\"elementor-link-showcase-content elementor-repeater-item-9d1c514 \" data-tab=\"2\" role=\"tab\" aria-controls=\"elementor-link-showcase-title-1872\">\n                                                                                        <img decoding=\"async\" width=\"580\" height=\"700\" src=\"https:\/\/mddweb.com.br\/aprova\/kafnet\/wp-content\/uploads\/2024\/11\/h4_linkshowcase_img2.jpg\" class=\"attachment-full size-full wp-image-2008\" alt=\"\" srcset=\"https:\/\/mddweb.com.br\/aprova\/kafnet\/wp-content\/uploads\/2024\/11\/h4_linkshowcase_img2.jpg 580w, https:\/\/mddweb.com.br\/aprova\/kafnet\/wp-content\/uploads\/2024\/11\/h4_linkshowcase_img2-249x300.jpg 249w\" sizes=\"(max-width: 580px) 100vw, 580px\" \/>                                                                            <\/div>\n                                                            <div id=\"elementor-link-showcase-content-1873\" class=\"elementor-link-showcase-content elementor-repeater-item-0aa06a6 \" data-tab=\"3\" role=\"tab\" aria-controls=\"elementor-link-showcase-title-1873\">\n                                                                                        <img decoding=\"async\" width=\"580\" height=\"700\" src=\"https:\/\/mddweb.com.br\/aprova\/kafnet\/wp-content\/uploads\/2024\/11\/h4_linkshowcase_img3.jpg\" class=\"attachment-full size-full wp-image-2009\" alt=\"\" srcset=\"https:\/\/mddweb.com.br\/aprova\/kafnet\/wp-content\/uploads\/2024\/11\/h4_linkshowcase_img3.jpg 580w, https:\/\/mddweb.com.br\/aprova\/kafnet\/wp-content\/uploads\/2024\/11\/h4_linkshowcase_img3-249x300.jpg 249w\" sizes=\"(max-width: 580px) 100vw, 580px\" \/>                                                                            <\/div>\n                                                    <\/div>\n                    <\/div>\n                <\/div>\n            <\/div>\n            \t\t\t\t<\/div>\n\t\t\t\t<\/div>\n\t\t\t\t<\/div>\n\t\t\t\t<\/div>\n\t\t\t\t\t<\/div>\n\t\t\t\t<\/div>\n\t\t\t\t<\/div>\n\t\t","protected":false},"excerpt":{"rendered":"<p>Equipe especialista Nossos Servi\u00e7os Especialistas Equipe especializada em todas as soli\u00e7\u00f5es Zoho. Pronta para alavancar seu neg\u00f3cio Learn More Treinamento Treine sua equipe com nossos especialistas e torne sua equipe preparada Learn More Licenciamento Atuamos desde a contrata\u00e7\u00e3o at\u00e9 a ativa\u00e7\u00e3o com nosso time Learn More Mentoria Processo de mentoria e acompanhamento com os melhores [&hellip;]<\/p>\n","protected":false},"author":1,"featured_media":0,"parent":0,"menu_order":0,"comment_status":"closed","ping_status":"closed","template":"","meta":{"footnotes":""},"class_list":["post-4037","page","type-page","status-publish","hentry"],"_links":{"self":[{"href":"https:\/\/mddweb.com.br\/aprova\/kafnet\/wp-json\/wp\/v2\/pages\/4037","targetHints":{"allow":["GET"]}}],"collection":[{"href":"https:\/\/mddweb.com.br\/aprova\/kafnet\/wp-json\/wp\/v2\/pages"}],"about":[{"href":"https:\/\/mddweb.com.br\/aprova\/kafnet\/wp-json\/wp\/v2\/types\/page"}],"author":[{"embeddable":true,"href":"https:\/\/mddweb.com.br\/aprova\/kafnet\/wp-json\/wp\/v2\/users\/1"}],"replies":[{"embeddable":true,"href":"https:\/\/mddweb.com.br\/aprova\/kafnet\/wp-json\/wp\/v2\/comments?post=4037"}],"version-history":[{"count":37,"href":"https:\/\/mddweb.com.br\/aprova\/kafnet\/wp-json\/wp\/v2\/pages\/4037\/revisions"}],"predecessor-version":[{"id":8063,"href":"https:\/\/mddweb.com.br\/aprova\/kafnet\/wp-json\/wp\/v2\/pages\/4037\/revisions\/8063"}],"wp:attachment":[{"href":"https:\/\/mddweb.com.br\/aprova\/kafnet\/wp-json\/wp\/v2\/media?parent=4037"}],"curies":[{"name":"wp","href":"https:\/\/api.w.org\/{rel}","templated":true}]}}