{"id":2375,"date":"2024-11-29T04:20:23","date_gmt":"2024-11-29T04:20:23","guid":{"rendered":"https:\/\/demo2wpopal.b-cdn.net\/diteck\/?page_id=2375"},"modified":"2025-08-19T12:37:28","modified_gmt":"2025-08-19T15:37:28","slug":"contato-antigo","status":"publish","type":"page","link":"https:\/\/mddweb.com.br\/aprova\/kafnet\/contato-antigo\/","title":{"rendered":"Contato &#8211; Diteck"},"content":{"rendered":"\t\t<div data-elementor-type=\"wp-page\" data-elementor-id=\"2375\" class=\"elementor elementor-2375\">\n\t\t\t\t<div class=\"elementor-element elementor-element-6e87303 e-flex e-con-boxed e-con e-parent\" data-id=\"6e87303\" data-element_type=\"container\">\n\t\t\t\t\t<div class=\"e-con-inner\">\n\t\t<div class=\"elementor-element elementor-element-6fb9d2b e-con-full e-flex e-con e-child\" data-id=\"6fb9d2b\" data-element_type=\"container\">\n\t\t\t\t<div class=\"elementor-element elementor-element-1fb0c23 icon-list-style-diteck-yes animated-fast elementor-icon-list--layout-traditional elementor-list-item-link-full_width elementor-invisible elementor-widget elementor-widget-icon-list\" data-id=\"1fb0c23\" data-element_type=\"widget\" data-settings=\"{&quot;_animation&quot;:&quot;opal-scale-up&quot;}\" data-widget_type=\"icon-list.default\">\n\t\t\t\t<div class=\"elementor-widget-container\">\n\t\t\t\t\t\t\t<ul class=\"elementor-icon-list-items\">\n\t\t\t\t\t\t\t<li class=\"elementor-icon-list-item\">\n\t\t\t\t\t\t\t\t\t\t\t<span class=\"elementor-icon-list-icon\">\n\t\t\t\t\t\t\t<i aria-hidden=\"true\" class=\"diteck-icon- diteck-icon-square-1\"><\/i>\t\t\t\t\t\t<\/span>\n\t\t\t\t\t\t\t\t\t\t<span class=\"elementor-icon-list-text\">Fale Conosco<\/span>\n\t\t\t\t\t\t\t\t\t<\/li>\n\t\t\t\t\t\t<\/ul>\n\t\t\t\t\t\t<\/div>\n\t\t\t\t<\/div>\n\t\t\t\t<\/div>\n\t\t<div class=\"elementor-element elementor-element-748a180 e-con-full e-flex e-con e-child\" data-id=\"748a180\" data-element_type=\"container\">\n\t\t\t\t<div class=\"elementor-element elementor-element-e27e911 elementor-widget__width-initial animated-fast elementor-invisible elementor-widget elementor-widget-heading\" data-id=\"e27e911\" data-element_type=\"widget\" data-settings=\"{&quot;_animation&quot;:&quot;opal-move-up&quot;}\" data-widget_type=\"heading.default\">\n\t\t\t\t<div class=\"elementor-widget-container\">\n\t\t\t\t\t<h2 class=\"elementor-heading-title elementor-size-default\">Estamos prontos para ajudar sua empresa<\/h2>\t\t\t\t<\/div>\n\t\t\t\t<\/div>\n\t\t\t\t<\/div>\n\t\t<div class=\"elementor-element elementor-element-4c09fe3 e-con-full e-flex e-con e-child\" data-id=\"4c09fe3\" data-element_type=\"container\">\n\t\t\t\t<\/div>\n\t\t<div class=\"elementor-element elementor-element-b52aa8a e-con-full e-flex e-con e-child\" data-id=\"b52aa8a\" data-element_type=\"container\">\n\t\t\t\t<div class=\"elementor-element elementor-element-8a06907 elementor-widget__width-initial elementor-widget elementor-widget-diteck-contactform\" data-id=\"8a06907\" data-element_type=\"widget\" data-widget_type=\"diteck-contactform.default\">\n\t\t\t\t<div class=\"elementor-widget-container\">\n\t\t\t\t\t\n<div class=\"wpcf7 no-js\" id=\"wpcf7-f10-o1\" lang=\"en-US\" dir=\"ltr\" data-wpcf7-id=\"10\">\n<div class=\"screen-reader-response\"><p role=\"status\" aria-live=\"polite\" aria-atomic=\"true\"><\/p> <ul><\/ul><\/div>\n<form action=\"\/aprova\/kafnet\/wp-json\/wp\/v2\/pages\/2375#wpcf7-f10-o1\" method=\"post\" class=\"wpcf7-form init\" aria-label=\"Contact form\" novalidate=\"novalidate\" data-status=\"init\">\n<fieldset class=\"hidden-fields-container\"><input type=\"hidden\" name=\"_wpcf7\" value=\"10\" \/><input type=\"hidden\" name=\"_wpcf7_version\" value=\"6.1.2\" \/><input type=\"hidden\" name=\"_wpcf7_locale\" value=\"en_US\" \/><input type=\"hidden\" name=\"_wpcf7_unit_tag\" value=\"wpcf7-f10-o1\" \/><input type=\"hidden\" name=\"_wpcf7_container_post\" value=\"0\" \/><input type=\"hidden\" name=\"_wpcf7_posted_data_hash\" value=\"\" \/>\n<\/fieldset>\n<div class=\"row\">\n\t<div class=\"column-50\">\n\t\t<p><span class=\"wpcf7-form-control-wrap\" data-name=\"first-name\"><input size=\"40\" maxlength=\"400\" class=\"wpcf7-form-control wpcf7-text wpcf7-validates-as-required\" autocomplete=\"name\" aria-required=\"true\" aria-invalid=\"false\" placeholder=\"Nome\" value=\"\" type=\"text\" name=\"first-name\" \/><\/span>\n\t\t<\/p>\n\t<\/div>\n\t<div class=\"column-50\">\n\t\t<p><span class=\"wpcf7-form-control-wrap\" data-name=\"last-name\"><input size=\"40\" maxlength=\"400\" class=\"wpcf7-form-control wpcf7-text wpcf7-validates-as-required\" autocomplete=\"name\" aria-required=\"true\" aria-invalid=\"false\" placeholder=\"Telefone\" value=\"\" type=\"text\" name=\"last-name\" \/><\/span>\n\t\t<\/p>\n\t<\/div>\n\t<div class=\"column-100\">\n\t\t<p><span class=\"wpcf7-form-control-wrap\" data-name=\"your-email\"><input size=\"40\" maxlength=\"400\" class=\"wpcf7-form-control wpcf7-email wpcf7-validates-as-required wpcf7-text wpcf7-validates-as-email\" autocomplete=\"email\" aria-required=\"true\" aria-invalid=\"false\" placeholder=\"Email\" value=\"\" type=\"email\" name=\"your-email\" \/><\/span>\n\t\t<\/p>\n\t<\/div>\n\t<div class=\"column-100\">\n\t\t<p><span class=\"wpcf7-form-control-wrap\" data-name=\"your-message\"><textarea cols=\"40\" rows=\"6\" maxlength=\"2000\" class=\"wpcf7-form-control wpcf7-textarea\" aria-invalid=\"false\" placeholder=\"Mensagem\" name=\"your-message\"><\/textarea><\/span>\n\t\t<\/p>\n\t<\/div>\n\t<div class=\"btn-wrapper\">\n\t\t<p><button class=\"submit-btn\"><input class=\"wpcf7-form-control wpcf7-submit has-spinner\" type=\"submit\" value=\"Send\" \/><\/button>\n\t\t<\/p>\n\t<\/div>\n<\/div><div class=\"wpcf7-response-output\" aria-hidden=\"true\"><\/div>\n<\/form>\n<\/div>\n\t\t\t\t<\/div>\n\t\t\t\t<\/div>\n\t\t\t\t<\/div>\n\t\t\t\t\t<\/div>\n\t\t\t\t<\/div>\n\t\t<div class=\"elementor-element elementor-element-61c3124 e-flex e-con-boxed e-con e-parent\" data-id=\"61c3124\" data-element_type=\"container\">\n\t\t\t\t\t<div class=\"e-con-inner\">\n\t\t<div class=\"elementor-element elementor-element-3eaf500 e-con-full e-flex e-con e-child\" data-id=\"3eaf500\" data-element_type=\"container\">\n\t\t<div class=\"elementor-element elementor-element-7de3b5a e-con-full e-flex e-con e-child\" data-id=\"7de3b5a\" data-element_type=\"container\">\n\t\t\t\t<div class=\"elementor-element elementor-element-2c8fbe6 icon-list-style-diteck-yes animated-fast elementor-icon-list--layout-traditional elementor-list-item-link-full_width elementor-invisible elementor-widget elementor-widget-icon-list\" data-id=\"2c8fbe6\" data-element_type=\"widget\" data-settings=\"{&quot;_animation&quot;:&quot;opal-scale-up&quot;}\" data-widget_type=\"icon-list.default\">\n\t\t\t\t<div class=\"elementor-widget-container\">\n\t\t\t\t\t\t\t<ul class=\"elementor-icon-list-items\">\n\t\t\t\t\t\t\t<li class=\"elementor-icon-list-item\">\n\t\t\t\t\t\t\t\t\t\t\t<span class=\"elementor-icon-list-icon\">\n\t\t\t\t\t\t\t<i aria-hidden=\"true\" class=\"diteck-icon- diteck-icon-square-1\"><\/i>\t\t\t\t\t\t<\/span>\n\t\t\t\t\t\t\t\t\t\t<span class=\"elementor-icon-list-text\">Nossos Escrit\u00f3rios<\/span>\n\t\t\t\t\t\t\t\t\t<\/li>\n\t\t\t\t\t\t<\/ul>\n\t\t\t\t\t\t<\/div>\n\t\t\t\t<\/div>\n\t\t\t\t<\/div>\n\t\t<div class=\"elementor-element elementor-element-3e39d8d e-con-full e-flex e-con e-child\" data-id=\"3e39d8d\" data-element_type=\"container\">\n\t\t<div class=\"elementor-element elementor-element-76d1bf7 e-grid e-con-full e-con e-child\" data-id=\"76d1bf7\" data-element_type=\"container\">\n\t\t\t\t<div class=\"elementor-element elementor-element-813b00f animated-fast elementor-invisible elementor-widget elementor-widget-image-box\" data-id=\"813b00f\" data-element_type=\"widget\" data-settings=\"{&quot;_animation&quot;:&quot;opal-move-up&quot;}\" data-widget_type=\"image-box.default\">\n\t\t\t\t<div class=\"elementor-widget-container\">\n\t\t\t\t\t<div class=\"elementor-image-box-wrapper\"><div class=\"elementor-image-box-content\"><h4 class=\"elementor-image-box-title\">Florida, United States<\/h4><p class=\"elementor-image-box-description\">502 E Mai St, Lakeland, FL 33801\n\nUnited States<\/p><\/div><\/div>\t\t\t\t<\/div>\n\t\t\t\t<\/div>\n\t\t\t\t<div class=\"elementor-element elementor-element-8e9c1d0 animated-fast elementor-invisible elementor-widget elementor-widget-image-box\" data-id=\"8e9c1d0\" data-element_type=\"widget\" data-settings=\"{&quot;_animation&quot;:&quot;opal-move-up&quot;,&quot;_animation_delay&quot;:200}\" data-widget_type=\"image-box.default\">\n\t\t\t\t<div class=\"elementor-widget-container\">\n\t\t\t\t\t<div class=\"elementor-image-box-wrapper\"><div class=\"elementor-image-box-content\"><h4 class=\"elementor-image-box-title\">S\u00e3o Paulo, Brasil<\/h4><p class=\"elementor-image-box-description\">Go Work\nRua Amauri, 116, Itaim Bibi, S\u00e3o Paulo \/ SP<br><br>Cube Office\nRua Silvestre V. Calmon, 51, Guarulhos, S\u00e3o Paulo \/ SP<\/p><\/div><\/div>\t\t\t\t<\/div>\n\t\t\t\t<\/div>\n\t\t\t\t<div class=\"elementor-element elementor-element-0e54ee4 animated-fast elementor-invisible elementor-widget elementor-widget-image-box\" data-id=\"0e54ee4\" data-element_type=\"widget\" data-settings=\"{&quot;_animation&quot;:&quot;opal-move-up&quot;,&quot;_animation_delay&quot;:300}\" data-widget_type=\"image-box.default\">\n\t\t\t\t<div class=\"elementor-widget-container\">\n\t\t\t\t\t<div class=\"elementor-image-box-wrapper\"><div class=\"elementor-image-box-content\"><h4 class=\"elementor-image-box-title\">S\u00e3o Paulo, Brasil<\/h4><p class=\"elementor-image-box-description\">WRK Coworking\nRua L\u00e9o de Oliveira, 33, Guarulhos, S\u00e3o Paulo\/ SP<\/p><\/div><\/div>\t\t\t\t<\/div>\n\t\t\t\t<\/div>\n\t\t\t\t<\/div>\n\t\t\t\t<\/div>\n\t\t\t\t<\/div>\n\t\t\t\t\t<\/div>\n\t\t\t\t<\/div>\n\t\t\t\t<\/div>\n\t\t","protected":false},"excerpt":{"rendered":"<p>Fale Conosco Estamos prontos para ajudar sua empresa Nossos Escrit\u00f3rios Florida, United States 502 E Mai St, Lakeland, FL 33801 United States S\u00e3o Paulo, Brasil Go Work Rua Amauri, 116, Itaim Bibi, S\u00e3o Paulo \/ SP Cube Office Rua Silvestre V. Calmon, 51, Guarulhos, S\u00e3o Paulo \/ SP S\u00e3o Paulo, Brasil WRK Coworking Rua L\u00e9o [&hellip;]<\/p>\n","protected":false},"author":1,"featured_media":0,"parent":0,"menu_order":0,"comment_status":"closed","ping_status":"closed","template":"template-homepage.php","meta":{"footnotes":""},"class_list":["post-2375","page","type-page","status-publish","hentry"],"_links":{"self":[{"href":"https:\/\/mddweb.com.br\/aprova\/kafnet\/wp-json\/wp\/v2\/pages\/2375","targetHints":{"allow":["GET"]}}],"collection":[{"href":"https:\/\/mddweb.com.br\/aprova\/kafnet\/wp-json\/wp\/v2\/pages"}],"about":[{"href":"https:\/\/mddweb.com.br\/aprova\/kafnet\/wp-json\/wp\/v2\/types\/page"}],"author":[{"embeddable":true,"href":"https:\/\/mddweb.com.br\/aprova\/kafnet\/wp-json\/wp\/v2\/users\/1"}],"replies":[{"embeddable":true,"href":"https:\/\/mddweb.com.br\/aprova\/kafnet\/wp-json\/wp\/v2\/comments?post=2375"}],"version-history":[{"count":7,"href":"https:\/\/mddweb.com.br\/aprova\/kafnet\/wp-json\/wp\/v2\/pages\/2375\/revisions"}],"predecessor-version":[{"id":8325,"href":"https:\/\/mddweb.com.br\/aprova\/kafnet\/wp-json\/wp\/v2\/pages\/2375\/revisions\/8325"}],"wp:attachment":[{"href":"https:\/\/mddweb.com.br\/aprova\/kafnet\/wp-json\/wp\/v2\/media?parent=2375"}],"curies":[{"name":"wp","href":"https:\/\/api.w.org\/{rel}","templated":true}]}}