{"id":10704,"date":"2025-09-30T15:23:56","date_gmt":"2025-09-30T18:23:56","guid":{"rendered":"https:\/\/mddweb.com.br\/aprova\/kafnet\/?page_id=10704"},"modified":"2025-09-30T16:05:46","modified_gmt":"2025-09-30T19:05:46","slug":"politica-de-privacidade","status":"publish","type":"page","link":"https:\/\/mddweb.com.br\/aprova\/kafnet\/politica-de-privacidade\/","title":{"rendered":"Pol\u00edtica de Privacidade"},"content":{"rendered":"\t\t<div data-elementor-type=\"wp-page\" data-elementor-id=\"10704\" class=\"elementor elementor-10704\">\n\t\t\t\t<div class=\"elementor-element elementor-element-2cb2beb e-flex e-con-boxed e-con e-parent\" data-id=\"2cb2beb\" data-element_type=\"container\">\n\t\t\t\t\t<div class=\"e-con-inner\">\n\t\t<div class=\"elementor-element elementor-element-452a5f5 e-con-full e-flex e-con e-child\" data-id=\"452a5f5\" data-element_type=\"container\">\n\t\t\t\t<div class=\"elementor-element elementor-element-067af9e elementor-widget elementor-widget-heading\" data-id=\"067af9e\" data-element_type=\"widget\" data-widget_type=\"heading.default\">\n\t\t\t\t<div class=\"elementor-widget-container\">\n\t\t\t\t\t<h2 class=\"elementor-heading-title elementor-size-default\">Pol\u00edtica de Privacidade<\/h2>\t\t\t\t<\/div>\n\t\t\t\t<\/div>\n\t\t\t\t<div class=\"elementor-element elementor-element-16b34ef elementor-widget elementor-widget-image\" data-id=\"16b34ef\" data-element_type=\"widget\" data-widget_type=\"image.default\">\n\t\t\t\t<div class=\"elementor-widget-container\">\n\t\t\t\t\t\t\t\t\t\t\t\t\t\t\t<img fetchpriority=\"high\" decoding=\"async\" width=\"361\" height=\"313\" src=\"https:\/\/mddweb.com.br\/aprova\/kafnet\/wp-content\/uploads\/2024\/12\/kafnet-logo.png\" class=\"attachment-large size-large wp-image-6925\" alt=\"\" srcset=\"https:\/\/mddweb.com.br\/aprova\/kafnet\/wp-content\/uploads\/2024\/12\/kafnet-logo.png 361w, https:\/\/mddweb.com.br\/aprova\/kafnet\/wp-content\/uploads\/2024\/12\/kafnet-logo-300x260.png 300w\" sizes=\"(max-width: 361px) 100vw, 361px\" \/>\t\t\t\t\t\t\t\t\t\t\t\t\t\t\t<\/div>\n\t\t\t\t<\/div>\n\t\t\t\t<\/div>\n\t\t\t\t<div class=\"elementor-element elementor-element-571d999 elementor-widget elementor-widget-text-editor\" data-id=\"571d999\" data-element_type=\"widget\" data-widget_type=\"text-editor.default\">\n\t\t\t\t<div class=\"elementor-widget-container\">\n\t\t\t\t\t\t\t\t\t<p>A sua privacidade \u00e9 importante para n\u00f3s. \u00c9 pol\u00edtica da Kafnet respeitar a sua privacidade em rela\u00e7\u00e3o a qualquer informa\u00e7\u00e3o sua que possamos coletar em no site e em outros sites que possu\u00edmos e operamos.<\/p><p>Solicitamos informa\u00e7\u00f5es pessoais apenas quando realmente precisamos delas para lhe fornecer um servi\u00e7o. Fazemo-lo por meios justos e legais, com o seu conhecimento e consentimento. Tamb\u00e9m informamos por que estamos coletando e como ser\u00e1 usado.<\/p><p>Apenas retemos as informa\u00e7\u00f5es coletadas pelo tempo necess\u00e1rio para fornecer o servi\u00e7o solicitado. Quando armazenamos dados, protegemos dentro de meios comercialmente aceit\u00e1veis \u200b\u200bpara evitar perdas e roubos, bem como acesso, divulga\u00e7\u00e3o, c\u00f3pia, uso ou modifica\u00e7\u00e3o n\u00e3o autorizados.<\/p><p>N\u00e3o compartilhamos informa\u00e7\u00f5es de identifica\u00e7\u00e3o pessoal publicamente ou com terceiros, exceto quando exigido por lei.<\/p><p>O nosso site pode ter links para sites externos que n\u00e3o s\u00e3o operados por n\u00f3s. Esteja ciente de que n\u00e3o temos controle sobre o conte\u00fado e pr\u00e1ticas desses sites e n\u00e3o podemos aceitar responsabilidade por suas respectivas <a href=\"https:\/\/politicaprivacidade.com\" target=\"_BLANK\" rel=\"noopener\">pol\u00edticas de privacidade<\/a>.<\/p><p>Voc\u00ea \u00e9 livre para recusar a nossa solicita\u00e7\u00e3o de informa\u00e7\u00f5es pessoais, entendendo que talvez n\u00e3o possamos fornecer alguns dos servi\u00e7os desejados.<\/p><p>O uso continuado de nosso site ser\u00e1 considerado como aceita\u00e7\u00e3o de nossas pr\u00e1ticas em torno de privacidade e informa\u00e7\u00f5es pessoais. Se voc\u00ea tiver alguma d\u00favida sobre como lidamos com dados do usu\u00e1rio e informa\u00e7\u00f5es pessoais, entre em contacto connosco.<\/p>\t\t\t\t\t\t\t\t<\/div>\n\t\t\t\t<\/div>\n\t\t<div class=\"elementor-element elementor-element-713f983 e-con-full e-flex e-con e-child\" data-id=\"713f983\" data-element_type=\"container\">\n\t\t\t\t<div class=\"elementor-element elementor-element-18da2c5 elementor-widget elementor-widget-heading\" data-id=\"18da2c5\" data-element_type=\"widget\" data-widget_type=\"heading.default\">\n\t\t\t\t<div class=\"elementor-widget-container\">\n\t\t\t\t\t<h2 class=\"elementor-heading-title elementor-size-default\">O que s\u00e3o Cookies?<\/h2>\t\t\t\t<\/div>\n\t\t\t\t<\/div>\n\t\t\t\t<div class=\"elementor-element elementor-element-011f6fc elementor-widget elementor-widget-text-editor\" data-id=\"011f6fc\" data-element_type=\"widget\" data-widget_type=\"text-editor.default\">\n\t\t\t\t<div class=\"elementor-widget-container\">\n\t\t\t\t\t\t\t\t\t<p>Como \u00e9 pr\u00e1tica comum em quase todos os sites profissionais, este site usa cookies, que s\u00e3o pequenos arquivos baixados no seu computador, para melhorar sua experi\u00eancia. Esta p\u00e1gina descreve quais informa\u00e7\u00f5es eles coletam, como as usamos e por que \u00e0s vezes precisamos armazenar esses cookies. Tamb\u00e9m compartilharemos como voc\u00ea pode impedir que esses cookies sejam armazenados, no entanto, isso pode fazer o downgrade ou \u2018quebrar\u2019 certos elementos da funcionalidade do site.<\/p>\t\t\t\t\t\t\t\t<\/div>\n\t\t\t\t<\/div>\n\t\t\t\t<\/div>\n\t\t<div class=\"elementor-element elementor-element-9093b20 e-con-full e-flex e-con e-child\" data-id=\"9093b20\" data-element_type=\"container\">\n\t\t\t\t<div class=\"elementor-element elementor-element-3fc0eae elementor-widget elementor-widget-heading\" data-id=\"3fc0eae\" data-element_type=\"widget\" data-widget_type=\"heading.default\">\n\t\t\t\t<div class=\"elementor-widget-container\">\n\t\t\t\t\t<h2 class=\"elementor-heading-title elementor-size-default\">Como usamos os cookies?<\/h2>\t\t\t\t<\/div>\n\t\t\t\t<\/div>\n\t\t\t\t<div class=\"elementor-element elementor-element-a87cfcc elementor-widget elementor-widget-text-editor\" data-id=\"a87cfcc\" data-element_type=\"widget\" data-widget_type=\"text-editor.default\">\n\t\t\t\t<div class=\"elementor-widget-container\">\n\t\t\t\t\t\t\t\t\t<p>Utilizamos cookies por v\u00e1rios motivos, detalhados abaixo. Infelizmente, na maioria dos casos, n\u00e3o existem op\u00e7\u00f5es padr\u00e3o do setor para desativar os cookies sem desativar completamente a funcionalidade e os recursos que eles adicionam a este site. \u00c9 recomend\u00e1vel que voc\u00ea deixe todos os cookies se n\u00e3o tiver certeza se precisa ou n\u00e3o deles, caso sejam usados \u200b\u200bpara fornecer um servi\u00e7o que voc\u00ea usa.<\/p>\t\t\t\t\t\t\t\t<\/div>\n\t\t\t\t<\/div>\n\t\t\t\t<\/div>\n\t\t<div class=\"elementor-element elementor-element-af5fa7b e-con-full e-flex e-con e-child\" data-id=\"af5fa7b\" data-element_type=\"container\">\n\t\t\t\t<div class=\"elementor-element elementor-element-bee9aa2 elementor-widget elementor-widget-heading\" data-id=\"bee9aa2\" data-element_type=\"widget\" data-widget_type=\"heading.default\">\n\t\t\t\t<div class=\"elementor-widget-container\">\n\t\t\t\t\t<h2 class=\"elementor-heading-title elementor-size-default\">Desativar cookies<\/h2>\t\t\t\t<\/div>\n\t\t\t\t<\/div>\n\t\t\t\t<div class=\"elementor-element elementor-element-afa67eb elementor-widget elementor-widget-text-editor\" data-id=\"afa67eb\" data-element_type=\"widget\" data-widget_type=\"text-editor.default\">\n\t\t\t\t<div class=\"elementor-widget-container\">\n\t\t\t\t\t\t\t\t\t<p>Voc\u00ea pode impedir a configura\u00e7\u00e3o de cookies ajustando as configura\u00e7\u00f5es do seu navegador (consulte a Ajuda do navegador para saber como fazer isso). Esteja ciente de que a desativa\u00e7\u00e3o de cookies afetar\u00e1 a funcionalidade deste e de muitos outros sites que voc\u00ea visita. A desativa\u00e7\u00e3o de cookies geralmente resultar\u00e1 na desativa\u00e7\u00e3o de determinadas funcionalidades e recursos deste site. Portanto, \u00e9 recomend\u00e1vel que voc\u00ea n\u00e3o desative os cookies.<\/p>\t\t\t\t\t\t\t\t<\/div>\n\t\t\t\t<\/div>\n\t\t\t\t<\/div>\n\t\t<div class=\"elementor-element elementor-element-8768d10 e-con-full e-flex e-con e-child\" data-id=\"8768d10\" data-element_type=\"container\">\n\t\t\t\t<div class=\"elementor-element elementor-element-c1fcd7e elementor-widget elementor-widget-heading\" data-id=\"c1fcd7e\" data-element_type=\"widget\" data-widget_type=\"heading.default\">\n\t\t\t\t<div class=\"elementor-widget-container\">\n\t\t\t\t\t<h2 class=\"elementor-heading-title elementor-size-default\">Desativar cookies<\/h2>\t\t\t\t<\/div>\n\t\t\t\t<\/div>\n\t\t\t\t<div class=\"elementor-element elementor-element-b93017d elementor-widget elementor-widget-text-editor\" data-id=\"b93017d\" data-element_type=\"widget\" data-widget_type=\"text-editor.default\">\n\t\t\t\t<div class=\"elementor-widget-container\">\n\t\t\t\t\t\t\t\t\t<ul><li>Cookies relacionados \u00e0 conta. Se voc\u00ea criar uma conta connosco, usaremos cookies para o gerenciamento do processo de inscri\u00e7\u00e3o e administra\u00e7\u00e3o geral. Esses cookies geralmente ser\u00e3o exclu\u00eddos quando voc\u00ea sair do sistema, por\u00e9m, em alguns casos, eles poder\u00e3o permanecer posteriormente para lembrar as prefer\u00eancias do seu site ao sair.<\/li><li>Cookies relacionados ao loginUtilizamos cookies quando voc\u00ea est\u00e1 logado, para que possamos lembrar dessa a\u00e7\u00e3o. Isso evita que voc\u00ea precise fazer login sempre que visitar uma nova p\u00e1gina. Esses cookies s\u00e3o normalmente removidos ou limpos quando voc\u00ea efetua logout para garantir que voc\u00ea possa acessar apenas a recursos e \u00e1reas restritas ao efetuar login.<\/li><li>Cookies relacionados a boletins por e-mailEste site oferece servi\u00e7os de assinatura de boletim informativo ou e-mail e os cookies podem ser usados \u200b\u200bpara lembrar se voc\u00ea j\u00e1 est\u00e1 registrado e se deve mostrar determinadas notifica\u00e7\u00f5es v\u00e1lidas apenas para usu\u00e1rios inscritos \/ n\u00e3o inscritos.<\/li><li>Pedidos processando cookies relacionadosEste site oferece facilidades de com\u00e9rcio eletr\u00f4nico ou pagamento e alguns cookies s\u00e3o essenciais para garantir que seu pedido seja lembrado entre as p\u00e1ginas, para que possamos process\u00e1-lo adequadamente.<\/li><li>Cookies relacionados a pesquisasPeriodicamente, oferecemos pesquisas e question\u00e1rios para fornecer informa\u00e7\u00f5es interessantes, ferramentas \u00fateis ou para entender nossa base de usu\u00e1rios com mais precis\u00e3o. Essas pesquisas podem usar cookies para lembrar quem j\u00e1 participou numa pesquisa ou para fornecer resultados precisos ap\u00f3s a altera\u00e7\u00e3o das p\u00e1ginas.<\/li><li>Cookies relacionados a formul\u00e1riosQuando voc\u00ea envia dados por meio de um formul\u00e1rio como os encontrados nas p\u00e1ginas de contacto ou nos formul\u00e1rios de coment\u00e1rios, os cookies podem ser configurados para lembrar os detalhes do usu\u00e1rio para correspond\u00eancia futura.<\/li><li>Cookies de prefer\u00eancias do sitePara proporcionar uma \u00f3tima experi\u00eancia neste site, fornecemos a funcionalidade para definir suas prefer\u00eancias de como esse site \u00e9 executado quando voc\u00ea o usa. Para lembrar suas prefer\u00eancias, precisamos definir cookies para que essas informa\u00e7\u00f5es possam ser chamadas sempre que voc\u00ea interagir com uma p\u00e1gina for afetada por suas prefer\u00eancias.<\/li><li>Cookies relacionados ao loginUtilizamos cookies quando voc\u00ea est\u00e1 logado, para que possamos lembrar dessa a\u00e7\u00e3o. Isso evita que voc\u00ea precise fazer login sempre que visitar uma nova p\u00e1gina. Esses cookies s\u00e3o normalmente removidos ou limpos quando voc\u00ea efetua logout para garantir que voc\u00ea possa acessar apenas a recursos e \u00e1reas restritas ao efetuar login.<\/li><li>Cookies relacionados a boletins por e-mailEste site oferece servi\u00e7os de assinatura de boletim informativo ou e-mail e os cookies podem ser usados \u200b\u200bpara lembrar se voc\u00ea j\u00e1 est\u00e1 registrado e se deve mostrar determinadas notifica\u00e7\u00f5es v\u00e1lidas apenas para usu\u00e1rios inscritos \/ n\u00e3o inscritos.<\/li><li>Pedidos processando cookies relacionadosEste site oferece facilidades de com\u00e9rcio eletr\u00f4nico ou pagamento e alguns cookies s\u00e3o essenciais para garantir que seu pedido seja lembrado entre as p\u00e1ginas, para que possamos process\u00e1-lo adequadamente.<\/li><li>Cookies relacionados a pesquisasPeriodicamente, oferecemos pesquisas e question\u00e1rios para fornecer informa\u00e7\u00f5es interessantes, ferramentas \u00fateis ou para entender nossa base de usu\u00e1rios com mais precis\u00e3o. Essas pesquisas podem usar cookies para lembrar quem j\u00e1 participou numa pesquisa ou para fornecer resultados precisos ap\u00f3s a altera\u00e7\u00e3o das p\u00e1ginas.<\/li><li>Cookies relacionados a formul\u00e1riosQuando voc\u00ea envia dados por meio de um formul\u00e1rio como os encontrados nas p\u00e1ginas de contacto ou nos formul\u00e1rios de coment\u00e1rios, os cookies podem ser configurados para lembrar os detalhes do usu\u00e1rio para correspond\u00eancia futura.<\/li><li>Cookies de prefer\u00eancias do sitePara proporcionar uma \u00f3tima experi\u00eancia neste site, fornecemos a funcionalidade para definir suas prefer\u00eancias de como esse site \u00e9 executado quando voc\u00ea o usa. Para lembrar suas prefer\u00eancias<\/li><\/ul>\t\t\t\t\t\t\t\t<\/div>\n\t\t\t\t<\/div>\n\t\t\t\t<\/div>\n\t\t<div class=\"elementor-element elementor-element-94c333e e-con-full e-flex e-con e-child\" data-id=\"94c333e\" data-element_type=\"container\">\n\t\t\t\t<div class=\"elementor-element elementor-element-0eb8a8f elementor-widget elementor-widget-heading\" data-id=\"0eb8a8f\" data-element_type=\"widget\" data-widget_type=\"heading.default\">\n\t\t\t\t<div class=\"elementor-widget-container\">\n\t\t\t\t\t<h2 class=\"elementor-heading-title elementor-size-default\">Cookies de terceiros<\/h2>\t\t\t\t<\/div>\n\t\t\t\t<\/div>\n\t\t\t\t<div class=\"elementor-element elementor-element-712c672 elementor-widget elementor-widget-text-editor\" data-id=\"712c672\" data-element_type=\"widget\" data-widget_type=\"text-editor.default\">\n\t\t\t\t<div class=\"elementor-widget-container\">\n\t\t\t\t\t\t\t\t\t<p>Em alguns casos especiais, tamb\u00e9m usamos cookies fornecidos por terceiros confi\u00e1veis. A se\u00e7\u00e3o a seguir detalha quais cookies de terceiros voc\u00ea pode encontrar atrav\u00e9s deste site.<\/p><ul><li>Este site usa o Google Analytics, que \u00e9 uma das solu\u00e7\u00f5es de an\u00e1lise mais difundidas e confi\u00e1veis \u200b\u200bda Web, para nos ajudar a entender como voc\u00ea usa o site e como podemos melhorar sua experi\u00eancia. Esses cookies podem rastrear itens como quanto tempo voc\u00ea gasta no site e as p\u00e1ginas visitadas, para que possamos continuar produzindo conte\u00fado atraente.<\/li><\/ul><p>Para mais informa\u00e7\u00f5es sobre cookies do Google Analytics, consulte a p\u00e1gina oficial do Google Analytics.<\/p><ul><li>As an\u00e1lises de terceiros s\u00e3o usadas para rastrear e medir o uso deste site, para que possamos continuar produzindo conte\u00fado atrativo. Esses cookies podem rastrear itens como o tempo que voc\u00ea passa no site ou as p\u00e1ginas visitadas, o que nos ajuda a entender como podemos melhorar o site para voc\u00ea.<\/li><li>Periodicamente, testamos novos recursos e fazemos altera\u00e7\u00f5es subtis na maneira como o site se apresenta. Quando ainda estamos testando novos recursos, esses cookies podem ser usados \u200b\u200bpara garantir que voc\u00ea receba uma experi\u00eancia consistente enquanto estiver no site, enquanto entendemos quais otimiza\u00e7\u00f5es os nossos usu\u00e1rios mais apreciam.<\/li><li>\u00c0 medida que vendemos produtos, \u00e9 importante entendermos as estat\u00edsticas sobre quantos visitantes de nosso site realmente compram e, portanto, esse \u00e9 o tipo de dados que esses cookies rastrear\u00e3o. Isso \u00e9 importante para voc\u00ea, pois significa que podemos fazer previs\u00f5es de neg\u00f3cios com precis\u00e3o que nos permitem analizar nossos custos de publicidade e produtos para garantir o melhor pre\u00e7o poss\u00edvel.<\/li><\/ul>\t\t\t\t\t\t\t\t<\/div>\n\t\t\t\t<\/div>\n\t\t\t\t<\/div>\n\t\t<div class=\"elementor-element elementor-element-cb3c4c8 e-con-full e-flex e-con e-child\" data-id=\"cb3c4c8\" data-element_type=\"container\">\n\t\t\t\t<div class=\"elementor-element elementor-element-80065b5 elementor-widget elementor-widget-heading\" data-id=\"80065b5\" data-element_type=\"widget\" data-widget_type=\"heading.default\">\n\t\t\t\t<div class=\"elementor-widget-container\">\n\t\t\t\t\t<h2 class=\"elementor-heading-title elementor-size-default\">Compromisso do usu\u00e1rio<\/h2>\t\t\t\t<\/div>\n\t\t\t\t<\/div>\n\t\t\t\t<div class=\"elementor-element elementor-element-703f77f elementor-widget elementor-widget-text-editor\" data-id=\"703f77f\" data-element_type=\"widget\" data-widget_type=\"text-editor.default\">\n\t\t\t\t<div class=\"elementor-widget-container\">\n\t\t\t\t\t\t\t\t\t<p>O usu\u00e1rio se compromete a fazer uso adequado dos conte\u00fados e da informa\u00e7\u00e3o que o Kafnet oferece no site e com car\u00e1ter enunciativo, mas n\u00e3o limitativo:<\/p><ul><li>A) N\u00e3o se envolver em atividades que sejam ilegais ou contr\u00e1rias \u00e0 boa f\u00e9 a \u00e0 ordem p\u00fablica;<\/li><li>B) N\u00e3o difundir propaganda ou conte\u00fado de natureza racista, xenof\u00f3bica, <a href=\"https:\/\/ondeapostar.pt\/review\/betano\/\">betano<\/a> ou azar, qualquer tipo de pornografia ilegal, de apologia ao terrorismo ou contra os direitos humanos;<\/li><li>C) N\u00e3o causar danos aos sistemas f\u00edsicos (hardwares) e l\u00f3gicos (softwares) do Kafnet, de seus fornecedores ou terceiros, para introduzir ou disseminar v\u00edrus inform\u00e1ticos ou quaisquer outros sistemas de hardware ou software que sejam capazes de causar danos anteriormente mencionados.<\/li><\/ul>\t\t\t\t\t\t\t\t<\/div>\n\t\t\t\t<\/div>\n\t\t\t\t<\/div>\n\t\t<div class=\"elementor-element elementor-element-3552cbc e-con-full e-flex e-con e-child\" data-id=\"3552cbc\" data-element_type=\"container\">\n\t\t\t\t<div class=\"elementor-element elementor-element-a429230 elementor-widget elementor-widget-heading\" data-id=\"a429230\" data-element_type=\"widget\" data-widget_type=\"heading.default\">\n\t\t\t\t<div class=\"elementor-widget-container\">\n\t\t\t\t\t<h2 class=\"elementor-heading-title elementor-size-default\">Mais informa\u00e7\u00f5es<\/h2>\t\t\t\t<\/div>\n\t\t\t\t<\/div>\n\t\t\t\t<div class=\"elementor-element elementor-element-505b578 elementor-widget elementor-widget-text-editor\" data-id=\"505b578\" data-element_type=\"widget\" data-widget_type=\"text-editor.default\">\n\t\t\t\t<div class=\"elementor-widget-container\">\n\t\t\t\t\t\t\t\t\t<p>Esperemos que esteja esclarecido e, como mencionado anteriormente, se houver algo que voc\u00ea n\u00e3o tem certeza se precisa ou n\u00e3o, geralmente \u00e9 mais seguro deixar os cookies ativados, caso interaja com um dos recursos que voc\u00ea usa em nosso site.<\/p>\t\t\t\t\t\t\t\t<\/div>\n\t\t\t\t<\/div>\n\t\t\t\t<\/div>\n\t\t<div class=\"elementor-element elementor-element-1d6349f e-con-full e-flex e-con e-child\" data-id=\"1d6349f\" data-element_type=\"container\">\n\t\t\t\t<div class=\"elementor-element elementor-element-61319c7 elementor-widget elementor-widget-heading\" data-id=\"61319c7\" data-element_type=\"widget\" data-widget_type=\"heading.default\">\n\t\t\t\t<div class=\"elementor-widget-container\">\n\t\t\t\t\t<h2 class=\"elementor-heading-title elementor-size-default\">Lei Geral de Prote\u00e7\u00e3o de Dados Lei 13.709\/2018<\/h2>\t\t\t\t<\/div>\n\t\t\t\t<\/div>\n\t\t\t\t<div class=\"elementor-element elementor-element-b92e5d7 elementor-widget elementor-widget-heading\" data-id=\"b92e5d7\" data-element_type=\"widget\" data-widget_type=\"heading.default\">\n\t\t\t\t<div class=\"elementor-widget-container\">\n\t\t\t\t\t<h2 class=\"elementor-heading-title elementor-size-default\">TERMO DE ADEQUA\u00c7\u00c3O LGPD\n<\/h2>\t\t\t\t<\/div>\n\t\t\t\t<\/div>\n\t\t\t\t<div class=\"elementor-element elementor-element-4a89eec elementor-widget elementor-widget-text-editor\" data-id=\"4a89eec\" data-element_type=\"widget\" data-widget_type=\"text-editor.default\">\n\t\t\t\t<div class=\"elementor-widget-container\">\n\t\t\t\t\t\t\t\t\t<p>O presente Termo de Adequa\u00e7\u00e3o LGPD tem como objeto garantir a adequa\u00e7\u00e3o da Empresa Kaftnet \u00e0 Lei Geral de Prote\u00e7\u00e3o de Dados (Lei 13.709\/2018)<\/p><p>A Kaftnet, na qualidade de Controlador(a) que corresponde a pessoa jur\u00eddica de direito p\u00fablico\/privado, a quem compete as decis\u00f5es referentes ao tratamento de dados pessoais, afirma que adota todas as medidas necess\u00e1rias para assegurar a observ\u00e2ncia \u00e0 Lei Geral de Prote\u00e7\u00e3o de Dados.<\/p><p>A Kaftnet, atua no ramo de atividade de Experts em desenvolvimento com tecnologia, solu\u00e7\u00f5es de growth e Zoho Consulting Partners., ocasi\u00e3o em que dados sens\u00edveis\/pessoais s\u00e3o coletados, sendo seu objetivo o melhor relacionamento com os seus clientes e parceiros e sempre com respeito \u00e0 privacidade dos dados recepcionados.<\/p><p>A Empresa se compromete a manter a confidencialidade e a integridade de todos os dados pessoais mantidos ou consultados\/transmitidos eletronicamente, para garantir a prote\u00e7\u00e3o desses dados contra acesso n\u00e3o autorizado, destrui\u00e7\u00e3o, uso, modifica\u00e7\u00e3o, divulga\u00e7\u00e3o ou perda acidental ou indevida. Para fins de clareza, os dados pessoais correspondem as informa\u00e7\u00f5es relacionadas as pessoas naturais identificadas ou identific\u00e1veis.<\/p><p>A Kafnet se compromete a tratar os dados pessoais a que tiver acesso somente com as respectivas permiss\u00f5es dos titulares desses dados, ou seja, mediante as confirma\u00e7\u00f5es das pessoas naturais as quais se referem os dados pessoais que ser\u00e3o objeto de tratamento.<\/p><p>A Kafnet assegura que todos os seus colaboradores prepostos, s\u00f3cios, diretores, representantes ou terceiros contratados que lidam com os dados pessoais que est\u00e3o sob a responsabilidade da Kafnet, assinaram o Termo de Confidencialidade, bem como comprometem-se a manter quaisquer Dados Pessoais estritamente confidenciais e n\u00e3o utiliz\u00e1-los para outros fins, com exce\u00e7\u00e3o a presta\u00e7\u00e3o de servi\u00e7os.<\/p><p>Os Dados Pessoais n\u00e3o poder\u00e3o ser revelados a terceiros, com exce\u00e7\u00e3o da pr\u00e9via autoriza\u00e7\u00e3o por escrito do titular dos dados pessoais, ou ainda na hip\u00f3tese, por determina\u00e7\u00e3o legal, ter que fornecer os dados pessoais a uma autoridade p\u00fablica, ocasi\u00e3o em o titular dos dados pessoais que dever\u00e3o ser informado previamente para que tome as medidas necess\u00e1rias.<\/p><p>S\u00e3o Paulo 02 de Maio de 2022.<\/p>\t\t\t\t\t\t\t\t<\/div>\n\t\t\t\t<\/div>\n\t\t\t\t<\/div>\n\t\t\t\t\t<\/div>\n\t\t\t\t<\/div>\n\t\t\t\t<\/div>\n\t\t","protected":false},"excerpt":{"rendered":"<p>Pol\u00edtica de Privacidade A sua privacidade \u00e9 importante para n\u00f3s. \u00c9 pol\u00edtica da Kafnet respeitar a sua privacidade em rela\u00e7\u00e3o a qualquer informa\u00e7\u00e3o sua que possamos coletar em no site e em outros sites que possu\u00edmos e operamos. Solicitamos informa\u00e7\u00f5es pessoais apenas quando realmente precisamos delas para lhe fornecer um servi\u00e7o. Fazemo-lo por meios justos [&hellip;]<\/p>\n","protected":false},"author":2,"featured_media":0,"parent":0,"menu_order":0,"comment_status":"closed","ping_status":"closed","template":"","meta":{"footnotes":""},"class_list":["post-10704","page","type-page","status-publish","hentry"],"_links":{"self":[{"href":"https:\/\/mddweb.com.br\/aprova\/kafnet\/wp-json\/wp\/v2\/pages\/10704","targetHints":{"allow":["GET"]}}],"collection":[{"href":"https:\/\/mddweb.com.br\/aprova\/kafnet\/wp-json\/wp\/v2\/pages"}],"about":[{"href":"https:\/\/mddweb.com.br\/aprova\/kafnet\/wp-json\/wp\/v2\/types\/page"}],"author":[{"embeddable":true,"href":"https:\/\/mddweb.com.br\/aprova\/kafnet\/wp-json\/wp\/v2\/users\/2"}],"replies":[{"embeddable":true,"href":"https:\/\/mddweb.com.br\/aprova\/kafnet\/wp-json\/wp\/v2\/comments?post=10704"}],"version-history":[{"count":25,"href":"https:\/\/mddweb.com.br\/aprova\/kafnet\/wp-json\/wp\/v2\/pages\/10704\/revisions"}],"predecessor-version":[{"id":10731,"href":"https:\/\/mddweb.com.br\/aprova\/kafnet\/wp-json\/wp\/v2\/pages\/10704\/revisions\/10731"}],"wp:attachment":[{"href":"https:\/\/mddweb.com.br\/aprova\/kafnet\/wp-json\/wp\/v2\/media?parent=10704"}],"curies":[{"name":"wp","href":"https:\/\/api.w.org\/{rel}","templated":true}]}}