{"id":10673,"date":"2025-09-30T12:59:45","date_gmt":"2025-09-30T15:59:45","guid":{"rendered":"https:\/\/mddweb.com.br\/aprova\/kafnet\/?page_id=10673"},"modified":"2025-09-30T13:27:08","modified_gmt":"2025-09-30T16:27:08","slug":"termos-de-uso","status":"publish","type":"page","link":"https:\/\/mddweb.com.br\/aprova\/kafnet\/termos-de-uso\/","title":{"rendered":"Termos de Uso"},"content":{"rendered":"\t\t<div data-elementor-type=\"wp-page\" data-elementor-id=\"10673\" class=\"elementor elementor-10673\">\n\t\t\t\t<div class=\"elementor-element elementor-element-02c5333 e-flex e-con-boxed e-con e-parent\" data-id=\"02c5333\" data-element_type=\"container\">\n\t\t\t\t\t<div class=\"e-con-inner\">\n\t\t<div class=\"elementor-element elementor-element-f213240 e-con-full e-flex e-con e-child\" data-id=\"f213240\" data-element_type=\"container\">\n\t\t\t\t<div class=\"elementor-element elementor-element-fc526e7 elementor-widget elementor-widget-heading\" data-id=\"fc526e7\" data-element_type=\"widget\" data-widget_type=\"heading.default\">\n\t\t\t\t<div class=\"elementor-widget-container\">\n\t\t\t\t\t<h2 class=\"elementor-heading-title elementor-size-default\">TERMOS E CONDI\u00c7\u00d5ES DE USO DO SITE<\/h2>\t\t\t\t<\/div>\n\t\t\t\t<\/div>\n\t\t\t\t<div class=\"elementor-element elementor-element-a38bb3a elementor-widget elementor-widget-image\" data-id=\"a38bb3a\" data-element_type=\"widget\" data-widget_type=\"image.default\">\n\t\t\t\t<div class=\"elementor-widget-container\">\n\t\t\t\t\t\t\t\t\t\t\t\t\t\t\t<img fetchpriority=\"high\" decoding=\"async\" width=\"361\" height=\"313\" src=\"https:\/\/mddweb.com.br\/aprova\/kafnet\/wp-content\/uploads\/2024\/12\/kafnet-logo.png\" class=\"attachment-large size-large wp-image-6925\" alt=\"\" srcset=\"https:\/\/mddweb.com.br\/aprova\/kafnet\/wp-content\/uploads\/2024\/12\/kafnet-logo.png 361w, https:\/\/mddweb.com.br\/aprova\/kafnet\/wp-content\/uploads\/2024\/12\/kafnet-logo-300x260.png 300w\" sizes=\"(max-width: 361px) 100vw, 361px\" \/>\t\t\t\t\t\t\t\t\t\t\t\t\t\t\t<\/div>\n\t\t\t\t<\/div>\n\t\t\t\t<\/div>\n\t\t<div class=\"elementor-element elementor-element-b30cf84 e-con-full e-flex e-con e-child\" data-id=\"b30cf84\" data-element_type=\"container\">\n\t\t\t\t<div class=\"elementor-element elementor-element-75de493 elementor-widget elementor-widget-text-editor\" data-id=\"75de493\" data-element_type=\"widget\" data-widget_type=\"text-editor.default\">\n\t\t\t\t<div class=\"elementor-widget-container\">\n\t\t\t\t\t\t\t\t\t<p>1. Este Termo refere-se ao\u00a0Kafnet. Ao navegar neste site e\u00a0usar os servi\u00e7os que s\u00e3o fornecidos, voc\u00ea\u00a0AFIRMA\u00a0que\u00a0LEU, COMPREENDEU\u00a0e CONCORDA\u00a0com nossos Termos e Condi\u00e7\u00f5es. Estes Termos e Condi\u00e7\u00f5es abrangem todos os aplicativos, servi\u00e7os de Internet ou extens\u00f5es dos sites relacionados.\u00a0Caso voc\u00ea\u00a0n\u00e3o concorde ou\u00a0n\u00e3o tenha ficado claro algum ponto, sugere-se que voc\u00ea\u00a0N\u00c3O NAVEGUE MAIS NELE\u00a0at\u00e9 que voc\u00ea tenha sanado todas as suas d\u00favidas.\u00a0Voc\u00ea poder\u00e1 ainda, a qualquer tempo, retornar ao site, clicar e termos de uso e reler quantas vezes desejar.<\/p><p><strong>Termos e Condi\u00e7\u00f5es<\/strong><\/p><p>2. Os Termos e Condi\u00e7\u00f5es do\u00a0Kafnet\u00a0\u00a0regem\u00a0o uso deste Site e todo o seu conte\u00fado. Estes Termos descrevem as regras e regulamentos que orientam o uso de\u00a0Kafnet\u00a0localizado em\u00a0<a>Kafnet<\/a>. Todos os materiais\/informa\u00e7\u00f5es\/documentos\/servi\u00e7os ou todas as outras entidades (coletivamente referidas como \u201cconte\u00fado\u201d) que aparecem no\u00a0https:\/\/kafnet.com.br\/\u00a0ser\u00e3o administrados de acordo com estes Termos e Condi\u00e7\u00f5es.<\/p><p><strong>ATEN\u00c7\u00c3O:<\/strong>\u00a0\u00a0N\u00e3o continue a usar este site se voc\u00ea tiver qualquer obje\u00e7\u00e3o a qualquer um dos Termos e Condi\u00e7\u00f5es declarados nesta p\u00e1gina.<\/p><p>3.\u00a0O site \u00e9 destinado a usu\u00e1rios com 16 (dezesseis) anos de idade ou mais.\u00a0Se voc\u00ea tem menos de 16\u00a0(dezesseis)\u00a0anos, n\u00e3o poder\u00e1 usar ou registrar-se para usar este site ou seus servi\u00e7os sem a permiss\u00e3o ou consentimento dos pais.\u00a0Ao concordar com estes Termos e Condi\u00e7\u00f5es, voc\u00ea tem a capacidade legal necess\u00e1ria para cumprir e ficar vinculado por estes Termos e Condi\u00e7\u00f5es.<\/p><p>4.\u00a0Kafnet\u00a0faz uso de\u00a0cookies. Ao acessar nosso site, voc\u00ea concorda em usar cookies de acordo com nossa Pol\u00edtica de Cookies.\u00a0\u201cAlgum dos nossos parceiros de site podem usar cookies.\u201d<\/p><p>5.Kafnet\u00a0det\u00eam os direitos de propriedade intelectual de todo o conte\u00fado.\u00a0Todos os direitos de propriedade intelectual s\u00e3o reservados. Voc\u00ea pode acessar qualquer conte\u00fado do site para seu uso pessoal, sujeito \u00e0s restri\u00e7\u00f5es definidas nestes termos e condi\u00e7\u00f5es.<\/p><p>Kafnet, por meio deste, determina que o usu\u00e1rio do site\u00a0n\u00e3o\u00a0cometa as seguintes a\u00e7\u00f5es:<br \/>\u00b7 Reproduzir, republicar, duplicar ou copiar qualquer conte\u00fado do\u00a0Kafnet\u00a0;<br \/>\u00b7 Vender, alugar, sublicenciar e\/ou de outra forma comercializar qualquer conte\u00fado doKafnet\u00a0;<br \/>\u00b7 Executar e \/ ou exibir publicamente qualquer conte\u00fado do Kafnet ;<\/p><ul><li>Usar este site de forma que seja, ou talvez, danifique e\/ou afete o acesso do usu\u00e1rio a este site;<\/li><li>Usar este site contr\u00e1rio \u00e0s regras, leis e regulamentos relevantes do seu pa\u00eds de resid\u00eancia, ou de uma maneira que cause, ou possa causar, danos ao site ou a qualquer pessoa ou entidade comercial;<\/li><li>Realizar minera\u00e7\u00e3o de dados ou qualquer outra atividade semelhante relacionada a este site, ou durante o uso deste site; e<\/li><li>Usando este site para se envolver em qualquer forma de publicidade ou marketing empresarial.<\/li><\/ul><p>6. \u00c1reas espec\u00edficas deste site podem ser restritas ao acesso do usu\u00e1rio, e\u00a0Kafnet\u00a0pode estender ainda mais essa restri\u00e7\u00e3o a todo o site, a qualquer momento e a seu exclusivo crit\u00e9rio. Qualquer identifica\u00e7\u00e3o de usu\u00e1rio, chave de seguran\u00e7a ou senha que voc\u00ea possa ter neste site s\u00e3o confidenciais e voc\u00ea \u00e9 respons\u00e1vel por manter a confidencialidade dessas informa\u00e7\u00f5es.<\/p><p><strong>Link e Hiperlink<\/strong><\/p><p>7. N\u00f3s nos reservamos o direito de registrar solicita\u00e7\u00f5es para que voc\u00ea remova todos os links ou qualquer link espec\u00edfico criado por voc\u00ea que redirecione para o nosso site, e voc\u00ea aprova a remo\u00e7\u00e3o imediata desses links para o nosso site, mediante solicita\u00e7\u00e3o.<\/p><p>8. Podemos alterar os termos e condi\u00e7\u00f5es desses direitos de vincula\u00e7\u00e3o a qualquer momento. Ao conectar-se continuamente ao nosso site, voc\u00ea concorda em se comprometer e seguir os termos desta pol\u00edtica de links.<\/p><p>9. Por favor, entre em contato conosco se encontrar algum link em nosso site que seja ofensivo, e poderemos\u00a0considerar e analisar\u00a0solicita\u00e7\u00f5es de remo\u00e7\u00e3o de tais links.<\/p><p><strong>Link para conte\u00fado de terceiros<\/strong><\/p><p>10.Este site pode conter links para sites ou aplicativos operados por terceiros. N\u00e3o controlamos nenhum desses sites ou aplicativos de terceiros ou o operador de terceiros. Este Site, objeto do presente Termos de Uso\u00a0n\u00e3o \u00e9 respons\u00e1vel e n\u00e3o endossa quaisquer sites ou aplicativos de terceiros ou sua disponibilidade ou conte\u00fado.<\/p><p>A Kafnet n\u00e3o se responsabiliza pelos an\u00fancios contidos no site. Voc\u00ea concorda em faz\u00ea-lo por sua pr\u00f3pria conta e risco ao adquirir quaisquer bens e \/ ou servi\u00e7os de terceiros. O anunciante \u00e9 quem permanece respons\u00e1vel por tais bens e\/ou servi\u00e7os, e se voc\u00ea tiver alguma d\u00favida ou reclama\u00e7\u00e3o sobre eles, voc\u00ea deve entrar em contato com o anunciante.<\/p><p><strong>Conte\u00fado do usu\u00e1rio<\/strong><\/p><p>11. Importante salientar que o termo usado \u201cConte\u00fado do Usu\u00e1rio\u201d significa qualquer \u00e1udio, v\u00eddeo, texto, imagens ou outro material ou conte\u00fado que voc\u00ea decida exibir neste Site. Com rela\u00e7\u00e3o ao conte\u00fado do usu\u00e1rio, ao exibi-lo, voc\u00ea concede ao Kafnet uma licen\u00e7a n\u00e3o exclusiva, mundial, irrevog\u00e1vel, isenta de royalties e sublicenci\u00e1vel para usar, reproduzir, adaptar, publicar, traduzir e distribuir em qualquer m\u00eddia.<\/p><p>12.O Conte\u00fado do Usu\u00e1rio deve ser seu e n\u00e3o deve infringir os direitos de terceiros.\u00a0Kafnet\u00a0reserva-se o direito de remover qualquer parte do seu conte\u00fado deste site a qualquer momento, sem aviso pr\u00e9vio.\u00a0Kafnet\u00a0tem permiss\u00e3o para monitorar suas atividades no site e remover qualquer conte\u00fado do usu\u00e1rio considerado impr\u00f3prio, ofensivo, contr\u00e1rio \u00e0s leis e regulamentos aplic\u00e1veis, ou que cause uma viola\u00e7\u00e3o destes Termos e Condi\u00e7\u00f5es.<\/p><p>13. Ao acessar este Site, informa\u00e7\u00f5es espec\u00edficas sobre o Usu\u00e1rio, como endere\u00e7os de protocolo de Internet (IP), navega\u00e7\u00e3o no site, software do usu\u00e1rio e tempo de navega\u00e7\u00e3o, juntamente com outras informa\u00e7\u00f5es semelhantes, ser\u00e3o armazenadas nos servidores de\u00a0Kafnet. As informa\u00e7\u00f5es sobre suas identidades, como nome, endere\u00e7o, detalhes de contato, informa\u00e7\u00f5es de faturamento e outras informa\u00e7\u00f5es armazenadas neste site, ser\u00e3o estritamente usadas apenas para fins estat\u00edsticos e n\u00e3o ser\u00e3o publicadas para acesso geral.\u00a0Kafnet, no entanto, n\u00e3o assume nenhuma responsabilidade pela seguran\u00e7a dessas informa\u00e7\u00f5es.<\/p><p>14. O site \u00e9 fornecido, com todas as responsabilidades e\u00a0\u00a0n\u00e3o assume compromissos, representa\u00e7\u00f5es ou garantias expressas ou impl\u00edcitas de qualquer tipo relacionadas a este site ou ao conte\u00fado nele contido.<\/p><p><strong>Indeniza\u00e7\u00e3o<\/strong><\/p><p>15. O usu\u00e1rio concorda em indenizar o Site\u00a0e suas afiliadas em toda a extens\u00e3o, frente \u00e0 todas as\u00a0a\u00e7\u00f5es, reclama\u00e7\u00f5es, responsabilidades, perdas, danos, custos, demandas e despesas decorrentes do uso deste Site pelo Usu\u00e1rio, incluindo, sem limita\u00e7\u00e3o, qualquer reclama\u00e7\u00e3o relacionada \u00e0 viola\u00e7\u00e3o de qualquer uma das disposi\u00e7\u00f5es destes Termos e Condi\u00e7\u00f5es. Se estiver insatisfeito com algum ou todo o conte\u00fado deste site ou qualquer um ou todos os seus Termos e Condi\u00e7\u00f5es, o usu\u00e1rio pode interromper o uso deste site.<\/p><p>16. Em qualquer momento,\u00a0\u00a0os usu\u00e1rios podem interromper o uso do Site\u00a0para isso, no site, est\u00e3o dispon\u00edveis as orienta\u00e7\u00f5es necess\u00e1rias. Caso ainda fique algum d\u00favida, n\u00e3o hesite em enviar um e-mail para\u00a0comercial@kafnet.com.br\u00a0.<\/p><p>17. N\u00f3s nos reservamos o direito e crit\u00e9rio exclusivo de, e sem aviso pr\u00e9vio ou responsabilidade, negar o acesso e uso do site (incluindo o bloqueio de endere\u00e7os IP espec\u00edficos) a qualquer usu\u00e1rio por qualquer motivo, incluindo, mas n\u00e3o se limitando \u00e0 viola\u00e7\u00e3o de qualquer representa\u00e7\u00e3o, garantia ou acordo nestes Termos ou em qualquer lei ou regulamento aplic\u00e1vel.<\/p><p><strong>Disposi\u00e7\u00f5es Gerais<\/strong><\/p><p>18. Os Termos e Condi\u00e7\u00f5es deste site ser\u00e3o regidos e interpretados de acordo com as leis do pa\u00eds ou estado em que o Site\u00a0opera. Voc\u00ea, por meio deste, se submete incondicionalmente \u00e0 jurisdi\u00e7\u00e3o n\u00e3o exclusiva dos tribunais localizados no Brasil \u00a0para a resolu\u00e7\u00e3o de quaisquer disputas.<\/p><p>19. Este Site\u00a0reserva-se o direito de revisar estes Termos a qualquer momento conforme julgar adequado. Por isso \u00e9 fundamental que os seus usu\u00e1rios estejam atentos \u00e0 essas altera\u00e7\u00f5es.<\/p><p>20. O Site\u00a0reserva-se o direito de ceder, transferir e subcontratar seus direitos e\/ou obriga\u00e7\u00f5es sob este Acordo sem qualquer notifica\u00e7\u00e3o ou consentimento pr\u00e9vio necess\u00e1rio. Os usu\u00e1rios n\u00e3o ter\u00e3o permiss\u00e3o para atribuir, transferir ou subcontratar qualquer um de seus direitos e\/ou obriga\u00e7\u00f5es sob estes Termos. Al\u00e9m disso, uma pessoa que n\u00e3o seja parte destes Termos e Condi\u00e7\u00f5es n\u00e3o ter\u00e1 o direito de fazer cumprir qualquer disposi\u00e7\u00e3o neles contida.<\/p><p>21. Estes Termos e Condi\u00e7\u00f5es, incluindo quaisquer avisos legais e isen\u00e7\u00f5es de responsabilidade neste site, constituem o acordo completo entre o Site e voc\u00ea em rela\u00e7\u00e3o ao uso deste site. Em \u00faltima an\u00e1lise, este Acordo substitui todos os acordos e entendimentos anteriores relativos ao mesmo.<\/p><p>22. Qualquer d\u00favida, entre em contato por meio do endere\u00e7o de e-mail:<\/p><p>comercial@kafnet.com.br.<\/p>\t\t\t\t\t\t\t\t<\/div>\n\t\t\t\t<\/div>\n\t\t\t\t<\/div>\n\t\t\t\t\t<\/div>\n\t\t\t\t<\/div>\n\t\t\t\t<\/div>\n\t\t","protected":false},"excerpt":{"rendered":"<p>TERMOS E CONDI\u00c7\u00d5ES DE USO DO SITE 1. Este Termo refere-se ao\u00a0Kafnet. Ao navegar neste site e\u00a0usar os servi\u00e7os que s\u00e3o fornecidos, voc\u00ea\u00a0AFIRMA\u00a0que\u00a0LEU, COMPREENDEU\u00a0e CONCORDA\u00a0com nossos Termos e Condi\u00e7\u00f5es. Estes Termos e Condi\u00e7\u00f5es abrangem todos os aplicativos, servi\u00e7os de Internet ou extens\u00f5es dos sites relacionados.\u00a0Caso voc\u00ea\u00a0n\u00e3o concorde ou\u00a0n\u00e3o tenha ficado claro algum ponto, sugere-se que [&hellip;]<\/p>\n","protected":false},"author":2,"featured_media":0,"parent":0,"menu_order":0,"comment_status":"closed","ping_status":"closed","template":"","meta":{"footnotes":""},"class_list":["post-10673","page","type-page","status-publish","hentry"],"_links":{"self":[{"href":"https:\/\/mddweb.com.br\/aprova\/kafnet\/wp-json\/wp\/v2\/pages\/10673","targetHints":{"allow":["GET"]}}],"collection":[{"href":"https:\/\/mddweb.com.br\/aprova\/kafnet\/wp-json\/wp\/v2\/pages"}],"about":[{"href":"https:\/\/mddweb.com.br\/aprova\/kafnet\/wp-json\/wp\/v2\/types\/page"}],"author":[{"embeddable":true,"href":"https:\/\/mddweb.com.br\/aprova\/kafnet\/wp-json\/wp\/v2\/users\/2"}],"replies":[{"embeddable":true,"href":"https:\/\/mddweb.com.br\/aprova\/kafnet\/wp-json\/wp\/v2\/comments?post=10673"}],"version-history":[{"count":19,"href":"https:\/\/mddweb.com.br\/aprova\/kafnet\/wp-json\/wp\/v2\/pages\/10673\/revisions"}],"predecessor-version":[{"id":10693,"href":"https:\/\/mddweb.com.br\/aprova\/kafnet\/wp-json\/wp\/v2\/pages\/10673\/revisions\/10693"}],"wp:attachment":[{"href":"https:\/\/mddweb.com.br\/aprova\/kafnet\/wp-json\/wp\/v2\/media?parent=10673"}],"curies":[{"name":"wp","href":"https:\/\/api.w.org\/{rel}","templated":true}]}}